{"id":1754,"date":"2023-07-20T19:01:28","date_gmt":"2023-07-20T22:01:28","guid":{"rendered":"http:\/\/noelmarinho.com.br\/?page_id=1754"},"modified":"2023-08-11T10:56:41","modified_gmt":"2023-08-11T13:56:41","slug":"casa-cor-rio-2023","status":"publish","type":"page","link":"https:\/\/noelmarinho.com.br\/en\/casa-cor-rio-2023\/","title":{"rendered":"Casa Cor Rio 2023"},"content":{"rendered":"<div class=\"casa-cor casa-cor-01 casa-cor-col casa-cor-col2\">\n<figure>\n<img loading=\"lazy\" src=\"http:\/\/noelmarinho.com.br\/wp\/wp-content\/uploads\/2023\/08\/casa_cor_rio_2023-01a-885x1024.jpg\" alt=\"\" width=\"885\" height=\"1024\" class=\"alignnone size-large wp-image-1860\" srcset=\"https:\/\/noelmarinho.com.br\/wp\/wp-content\/uploads\/2023\/08\/casa_cor_rio_2023-01a-885x1024.jpg 885w, https:\/\/noelmarinho.com.br\/wp\/wp-content\/uploads\/2023\/08\/casa_cor_rio_2023-01a-259x300.jpg 259w, https:\/\/noelmarinho.com.br\/wp\/wp-content\/uploads\/2023\/08\/casa_cor_rio_2023-01a-768x889.jpg 768w, https:\/\/noelmarinho.com.br\/wp\/wp-content\/uploads\/2023\/08\/casa_cor_rio_2023-01a.jpg 1281w\" sizes=\"(max-width: 885px) 100vw, 885px\" \/><br \/>\n<\/figure>\n<article>\n<h2>CASA COR RIO 2023: <br \/>\nSala de Encontros<\/h2>\n<h3>PATRICIA MARINHO E MANUELE COLAS PARA O ESTUDIO DE DESIGN NOEL MARINHO<\/h3>\n<\/article>\n<\/div>\n<div class=\"casa-cor casa-cor-02\">\n<figure><img loading=\"lazy\" class=\"alignnone size-large wp-image-1834\" src=\"http:\/\/noelmarinho.com.br\/wp\/wp-content\/uploads\/2023\/08\/casa_cor_rio_2023-02-1024x683.jpg\" alt=\"\" width=\"1024\" height=\"683\" srcset=\"https:\/\/noelmarinho.com.br\/wp\/wp-content\/uploads\/2023\/08\/casa_cor_rio_2023-02-1024x683.jpg 1024w, https:\/\/noelmarinho.com.br\/wp\/wp-content\/uploads\/2023\/08\/casa_cor_rio_2023-02-300x200.jpg 300w, https:\/\/noelmarinho.com.br\/wp\/wp-content\/uploads\/2023\/08\/casa_cor_rio_2023-02-768x512.jpg 768w, https:\/\/noelmarinho.com.br\/wp\/wp-content\/uploads\/2023\/08\/casa_cor_rio_2023-02-1536x1024.jpg 1536w, https:\/\/noelmarinho.com.br\/wp\/wp-content\/uploads\/2023\/08\/casa_cor_rio_2023-02.jpg 1920w\" sizes=\"(max-width: 1024px) 100vw, 1024px\" \/><br \/>\n<\/figure>\n<\/div>\n<div class=\"casa-cor casa-cor-03 casa-cor-col casa-cor-col2\">\n<figure><img loading=\"lazy\" class=\"alignnone size-large wp-image-1835\" src=\"http:\/\/noelmarinho.com.br\/wp\/wp-content\/uploads\/2023\/08\/casa_cor_rio_2023-03-1024x683.jpg\" alt=\"\" width=\"1024\" height=\"683\" srcset=\"https:\/\/noelmarinho.com.br\/wp\/wp-content\/uploads\/2023\/08\/casa_cor_rio_2023-03-1024x683.jpg 1024w, https:\/\/noelmarinho.com.br\/wp\/wp-content\/uploads\/2023\/08\/casa_cor_rio_2023-03-300x200.jpg 300w, https:\/\/noelmarinho.com.br\/wp\/wp-content\/uploads\/2023\/08\/casa_cor_rio_2023-03-768x512.jpg 768w, https:\/\/noelmarinho.com.br\/wp\/wp-content\/uploads\/2023\/08\/casa_cor_rio_2023-03-1536x1024.jpg 1536w, https:\/\/noelmarinho.com.br\/wp\/wp-content\/uploads\/2023\/08\/casa_cor_rio_2023-03.jpg 1920w\" sizes=\"(max-width: 1024px) 100vw, 1024px\" \/><\/figure>\n<article>\n<p>Nessa sala de 48m\u00b2, nosso objetivo foi trazer uma extens\u00e3o dos conceitos que utilizamos para o trabalho no Projeto Noel Marinho. Usamos como inspira\u00e7\u00e3o potencializar a integra\u00e7\u00e3o das \u00e1reas criativas Arte, Design e Desenho de Interior para construir um ambiente acolhedor e harmonioso, acrescido de um forte interesse visual.<\/p>\n<\/article>\n<\/div>\n<div class=\"casa-cor casa-cor-04 casa-cor-col casa-cor-col3\">\n<figure class=\"colspan1\"><img loading=\"lazy\" class=\"alignnone size-large wp-image-1836\" src=\"http:\/\/noelmarinho.com.br\/wp\/wp-content\/uploads\/2023\/08\/casa_cor_rio_2023-04-1024x683.jpg\" alt=\"\" width=\"1024\" height=\"683\" srcset=\"https:\/\/noelmarinho.com.br\/wp\/wp-content\/uploads\/2023\/08\/casa_cor_rio_2023-04-1024x683.jpg 1024w, https:\/\/noelmarinho.com.br\/wp\/wp-content\/uploads\/2023\/08\/casa_cor_rio_2023-04-300x200.jpg 300w, https:\/\/noelmarinho.com.br\/wp\/wp-content\/uploads\/2023\/08\/casa_cor_rio_2023-04-768x512.jpg 768w, https:\/\/noelmarinho.com.br\/wp\/wp-content\/uploads\/2023\/08\/casa_cor_rio_2023-04-1536x1025.jpg 1536w, https:\/\/noelmarinho.com.br\/wp\/wp-content\/uploads\/2023\/08\/casa_cor_rio_2023-04.jpg 1920w\" sizes=\"(max-width: 1024px) 100vw, 1024px\" \/><\/figure>\n<figure><img loading=\"lazy\" class=\"alignnone size-large wp-image-1837\" src=\"http:\/\/noelmarinho.com.br\/wp\/wp-content\/uploads\/2023\/08\/casa_cor_rio_2023-05-683x1024.jpg\" alt=\"\" width=\"683\" height=\"1024\" srcset=\"https:\/\/noelmarinho.com.br\/wp\/wp-content\/uploads\/2023\/08\/casa_cor_rio_2023-05-683x1024.jpg 683w, https:\/\/noelmarinho.com.br\/wp\/wp-content\/uploads\/2023\/08\/casa_cor_rio_2023-05-200x300.jpg 200w, https:\/\/noelmarinho.com.br\/wp\/wp-content\/uploads\/2023\/08\/casa_cor_rio_2023-05-768x1151.jpg 768w, https:\/\/noelmarinho.com.br\/wp\/wp-content\/uploads\/2023\/08\/casa_cor_rio_2023-05-1025x1536.jpg 1025w, https:\/\/noelmarinho.com.br\/wp\/wp-content\/uploads\/2023\/08\/casa_cor_rio_2023-05.jpg 1281w\" sizes=\"(max-width: 683px) 100vw, 683px\" \/><\/figure>\n<div class=\"colspan2\">\n<article>\n<p>A estante projetada especialmente para acomodar o painel de azulejos e o grafismo, o mobili\u00e1rio de pe\u00e7as assinadas, as esculturas contempor\u00e2neas da artista convidada Marina Ribas e objetos recolhidos ao longo do tempo, como livros e anota\u00e7\u00f5es de viagens, proporcionam e valorizam uma atmosfera pensada para os bons encontros, as boas trocas, as ricas experi\u00eancias interpessoais.<\/p>\n<\/article>\n<\/div>\n<\/div>\n<div class=\"casa-cor casa-cor-05 casa-cor-col casa-cor-col3\">\n<figure><img loading=\"lazy\" class=\"alignnone size-large wp-image-1838\" src=\"http:\/\/noelmarinho.com.br\/wp\/wp-content\/uploads\/2023\/08\/casa_cor_rio_2023-06-683x1024.jpg\" alt=\"\" width=\"683\" height=\"1024\" srcset=\"https:\/\/noelmarinho.com.br\/wp\/wp-content\/uploads\/2023\/08\/casa_cor_rio_2023-06-683x1024.jpg 683w, https:\/\/noelmarinho.com.br\/wp\/wp-content\/uploads\/2023\/08\/casa_cor_rio_2023-06-200x300.jpg 200w, https:\/\/noelmarinho.com.br\/wp\/wp-content\/uploads\/2023\/08\/casa_cor_rio_2023-06-768x1151.jpg 768w, https:\/\/noelmarinho.com.br\/wp\/wp-content\/uploads\/2023\/08\/casa_cor_rio_2023-06-1025x1536.jpg 1025w, https:\/\/noelmarinho.com.br\/wp\/wp-content\/uploads\/2023\/08\/casa_cor_rio_2023-06.jpg 1281w\" sizes=\"(max-width: 683px) 100vw, 683px\" \/><\/figure>\n<figure><img loading=\"lazy\" class=\"alignnone size-large wp-image-1839\" src=\"http:\/\/noelmarinho.com.br\/wp\/wp-content\/uploads\/2023\/08\/casa_cor_rio_2023-07-670x1024.jpg\" alt=\"\" width=\"670\" height=\"1024\" srcset=\"https:\/\/noelmarinho.com.br\/wp\/wp-content\/uploads\/2023\/08\/casa_cor_rio_2023-07-670x1024.jpg 670w, https:\/\/noelmarinho.com.br\/wp\/wp-content\/uploads\/2023\/08\/casa_cor_rio_2023-07-196x300.jpg 196w, https:\/\/noelmarinho.com.br\/wp\/wp-content\/uploads\/2023\/08\/casa_cor_rio_2023-07-768x1174.jpg 768w, https:\/\/noelmarinho.com.br\/wp\/wp-content\/uploads\/2023\/08\/casa_cor_rio_2023-07-1005x1536.jpg 1005w, https:\/\/noelmarinho.com.br\/wp\/wp-content\/uploads\/2023\/08\/casa_cor_rio_2023-07.jpg 1256w\" sizes=\"(max-width: 670px) 100vw, 670px\" \/><\/figure>\n<article>\n<p>Resgatando desenhos originais de Noel Marinho, apresentamos duas pe\u00e7as in\u00e9ditas de mobili\u00e1rio: A escrivaninha MEM\u00d3RIA, criada na d\u00e9cada de 1970 para o quarto de suas filhas, e o gabinete NM, inspirado em um desenho da mesma \u00e9poca.<\/p>\n<\/article>\n<\/div>\n<div class=\"casa-cor casa-cor-06 casa-cor-col casa-cor-col2\">\n<figure><img loading=\"lazy\" class=\"alignnone size-large wp-image-1840\" src=\"http:\/\/noelmarinho.com.br\/wp\/wp-content\/uploads\/2023\/08\/casa_cor_rio_2023-08-683x1024.jpg\" alt=\"\" width=\"683\" height=\"1024\" srcset=\"https:\/\/noelmarinho.com.br\/wp\/wp-content\/uploads\/2023\/08\/casa_cor_rio_2023-08-683x1024.jpg 683w, https:\/\/noelmarinho.com.br\/wp\/wp-content\/uploads\/2023\/08\/casa_cor_rio_2023-08-200x300.jpg 200w, https:\/\/noelmarinho.com.br\/wp\/wp-content\/uploads\/2023\/08\/casa_cor_rio_2023-08-768x1152.jpg 768w, https:\/\/noelmarinho.com.br\/wp\/wp-content\/uploads\/2023\/08\/casa_cor_rio_2023-08-1024x1536.jpg 1024w, https:\/\/noelmarinho.com.br\/wp\/wp-content\/uploads\/2023\/08\/casa_cor_rio_2023-08.jpg 1280w\" sizes=\"(max-width: 683px) 100vw, 683px\" \/><\/figure>\n<div class=\"grupo\">\n<figure><img loading=\"lazy\" class=\"alignnone size-large wp-image-1841\" src=\"http:\/\/noelmarinho.com.br\/wp\/wp-content\/uploads\/2023\/08\/casa_cor_rio_2023-09-1024x1018.jpg\" alt=\"\" width=\"1024\" height=\"1018\" srcset=\"https:\/\/noelmarinho.com.br\/wp\/wp-content\/uploads\/2023\/08\/casa_cor_rio_2023-09-1024x1018.jpg 1024w, https:\/\/noelmarinho.com.br\/wp\/wp-content\/uploads\/2023\/08\/casa_cor_rio_2023-09-300x298.jpg 300w, https:\/\/noelmarinho.com.br\/wp\/wp-content\/uploads\/2023\/08\/casa_cor_rio_2023-09-150x150.jpg 150w, https:\/\/noelmarinho.com.br\/wp\/wp-content\/uploads\/2023\/08\/casa_cor_rio_2023-09-768x764.jpg 768w, https:\/\/noelmarinho.com.br\/wp\/wp-content\/uploads\/2023\/08\/casa_cor_rio_2023-09-1536x1527.jpg 1536w, https:\/\/noelmarinho.com.br\/wp\/wp-content\/uploads\/2023\/08\/casa_cor_rio_2023-09.jpg 1783w\" sizes=\"(max-width: 1024px) 100vw, 1024px\" \/><\/figure>\n<figure><img loading=\"lazy\" class=\"alignnone size-large wp-image-1842\" src=\"http:\/\/noelmarinho.com.br\/wp\/wp-content\/uploads\/2023\/08\/casa_cor_rio_2023-10-1024x810.jpg\" alt=\"\" width=\"1024\" height=\"810\" srcset=\"https:\/\/noelmarinho.com.br\/wp\/wp-content\/uploads\/2023\/08\/casa_cor_rio_2023-10-1024x810.jpg 1024w, https:\/\/noelmarinho.com.br\/wp\/wp-content\/uploads\/2023\/08\/casa_cor_rio_2023-10-300x237.jpg 300w, https:\/\/noelmarinho.com.br\/wp\/wp-content\/uploads\/2023\/08\/casa_cor_rio_2023-10-768x607.jpg 768w, https:\/\/noelmarinho.com.br\/wp\/wp-content\/uploads\/2023\/08\/casa_cor_rio_2023-10-1536x1214.jpg 1536w, https:\/\/noelmarinho.com.br\/wp\/wp-content\/uploads\/2023\/08\/casa_cor_rio_2023-10.jpg 1920w\" sizes=\"(max-width: 1024px) 100vw, 1024px\" \/><\/figure>\n<\/div>\n<div class=\"colspan2\">\n<article>\n<p>A partir de uma colagem de Noel em papel cart\u00e3o 15 x 15 cm da s\u00e9rie Irm\u00e3os Roberto, apresentamos tamb\u00e9m v\u00e1rios desdobramentos como o grafismo gravado a laser sobre painel integrado \u00e0 estante, a bandeja e os tapetes.<\/p>\n<\/article>\n<\/div>\n<\/div>\n<div class=\"casa-cor casa-cor-07 casa-cor-col casa-cor-col2\">\n<figure><img loading=\"lazy\" class=\"alignnone size-large wp-image-1843\" src=\"http:\/\/noelmarinho.com.br\/wp\/wp-content\/uploads\/2023\/08\/casa_cor_rio_2023-11-1024x985.jpg\" alt=\"\" width=\"1024\" height=\"985\" srcset=\"https:\/\/noelmarinho.com.br\/wp\/wp-content\/uploads\/2023\/08\/casa_cor_rio_2023-11-1024x985.jpg 1024w, https:\/\/noelmarinho.com.br\/wp\/wp-content\/uploads\/2023\/08\/casa_cor_rio_2023-11-300x289.jpg 300w, https:\/\/noelmarinho.com.br\/wp\/wp-content\/uploads\/2023\/08\/casa_cor_rio_2023-11-768x739.jpg 768w, https:\/\/noelmarinho.com.br\/wp\/wp-content\/uploads\/2023\/08\/casa_cor_rio_2023-11-1536x1478.jpg 1536w, https:\/\/noelmarinho.com.br\/wp\/wp-content\/uploads\/2023\/08\/casa_cor_rio_2023-11.jpg 1920w\" sizes=\"(max-width: 1024px) 100vw, 1024px\" \/><\/figure>\n<figure><img loading=\"lazy\" class=\"alignnone size-large wp-image-1844\" src=\"http:\/\/noelmarinho.com.br\/wp\/wp-content\/uploads\/2023\/08\/casa_cor_rio_2023-12-1024x985.jpg\" alt=\"\" width=\"1024\" height=\"985\" srcset=\"https:\/\/noelmarinho.com.br\/wp\/wp-content\/uploads\/2023\/08\/casa_cor_rio_2023-12-1024x985.jpg 1024w, https:\/\/noelmarinho.com.br\/wp\/wp-content\/uploads\/2023\/08\/casa_cor_rio_2023-12-300x289.jpg 300w, https:\/\/noelmarinho.com.br\/wp\/wp-content\/uploads\/2023\/08\/casa_cor_rio_2023-12-768x739.jpg 768w, https:\/\/noelmarinho.com.br\/wp\/wp-content\/uploads\/2023\/08\/casa_cor_rio_2023-12-1536x1478.jpg 1536w, https:\/\/noelmarinho.com.br\/wp\/wp-content\/uploads\/2023\/08\/casa_cor_rio_2023-12.jpg 1920w\" sizes=\"(max-width: 1024px) 100vw, 1024px\" \/><\/figure>\n<\/div>\n<div class=\"casa-cor casa-cor-08 casa-cor-col casa-cor-col2\">\n<div class=\"grupo\">\n<figure><img loading=\"lazy\" class=\"alignnone size-large wp-image-1845\" src=\"http:\/\/noelmarinho.com.br\/wp\/wp-content\/uploads\/2023\/08\/casa_cor_rio_2023-13-1024x683.jpg\" alt=\"\" width=\"1024\" height=\"683\" srcset=\"https:\/\/noelmarinho.com.br\/wp\/wp-content\/uploads\/2023\/08\/casa_cor_rio_2023-13-1024x683.jpg 1024w, https:\/\/noelmarinho.com.br\/wp\/wp-content\/uploads\/2023\/08\/casa_cor_rio_2023-13-300x200.jpg 300w, https:\/\/noelmarinho.com.br\/wp\/wp-content\/uploads\/2023\/08\/casa_cor_rio_2023-13-768x512.jpg 768w, https:\/\/noelmarinho.com.br\/wp\/wp-content\/uploads\/2023\/08\/casa_cor_rio_2023-13-1536x1025.jpg 1536w, https:\/\/noelmarinho.com.br\/wp\/wp-content\/uploads\/2023\/08\/casa_cor_rio_2023-13.jpg 1920w\" sizes=\"(max-width: 1024px) 100vw, 1024px\" \/><\/figure>\n<figure><img loading=\"lazy\" class=\"alignnone size-large wp-image-1846\" src=\"http:\/\/noelmarinho.com.br\/wp\/wp-content\/uploads\/2023\/08\/casa_cor_rio_2023-14-1024x1021.jpg\" alt=\"\" width=\"1024\" height=\"1021\" srcset=\"https:\/\/noelmarinho.com.br\/wp\/wp-content\/uploads\/2023\/08\/casa_cor_rio_2023-14-1024x1021.jpg 1024w, https:\/\/noelmarinho.com.br\/wp\/wp-content\/uploads\/2023\/08\/casa_cor_rio_2023-14-300x300.jpg 300w, https:\/\/noelmarinho.com.br\/wp\/wp-content\/uploads\/2023\/08\/casa_cor_rio_2023-14-150x150.jpg 150w, https:\/\/noelmarinho.com.br\/wp\/wp-content\/uploads\/2023\/08\/casa_cor_rio_2023-14-768x766.jpg 768w, https:\/\/noelmarinho.com.br\/wp\/wp-content\/uploads\/2023\/08\/casa_cor_rio_2023-14-1536x1532.jpg 1536w, https:\/\/noelmarinho.com.br\/wp\/wp-content\/uploads\/2023\/08\/casa_cor_rio_2023-14.jpg 1920w\" sizes=\"(max-width: 1024px) 100vw, 1024px\" \/><\/figure>\n<\/div>\n<figure><img loading=\"lazy\" class=\"alignnone size-large wp-image-1847\" src=\"http:\/\/noelmarinho.com.br\/wp\/wp-content\/uploads\/2023\/08\/casa_cor_rio_2023-15-683x1024.jpg\" alt=\"\" width=\"683\" height=\"1024\" srcset=\"https:\/\/noelmarinho.com.br\/wp\/wp-content\/uploads\/2023\/08\/casa_cor_rio_2023-15-683x1024.jpg 683w, https:\/\/noelmarinho.com.br\/wp\/wp-content\/uploads\/2023\/08\/casa_cor_rio_2023-15-200x300.jpg 200w, https:\/\/noelmarinho.com.br\/wp\/wp-content\/uploads\/2023\/08\/casa_cor_rio_2023-15-768x1151.jpg 768w, https:\/\/noelmarinho.com.br\/wp\/wp-content\/uploads\/2023\/08\/casa_cor_rio_2023-15-1025x1536.jpg 1025w, https:\/\/noelmarinho.com.br\/wp\/wp-content\/uploads\/2023\/08\/casa_cor_rio_2023-15.jpg 1281w\" sizes=\"(max-width: 683px) 100vw, 683px\" \/><\/figure>\n<div class=\"colspan2\">\n<article>\n<p>A s\u00e9rie do azulejo G04, desenho da d\u00e9cada de 1960, toma forma de um painel inserido na estante.<\/p>\n<\/article>\n<\/div>\n<\/div>\n<div class=\"casa-cor casa-cor-09 casa-cor-col casa-cor-col2\">\n<figure><img loading=\"lazy\" class=\"alignnone size-large wp-image-1848\" src=\"http:\/\/noelmarinho.com.br\/wp\/wp-content\/uploads\/2023\/08\/casa_cor_rio_2023-16-683x1024.jpg\" alt=\"\" width=\"683\" height=\"1024\" srcset=\"https:\/\/noelmarinho.com.br\/wp\/wp-content\/uploads\/2023\/08\/casa_cor_rio_2023-16-683x1024.jpg 683w, https:\/\/noelmarinho.com.br\/wp\/wp-content\/uploads\/2023\/08\/casa_cor_rio_2023-16-200x300.jpg 200w, https:\/\/noelmarinho.com.br\/wp\/wp-content\/uploads\/2023\/08\/casa_cor_rio_2023-16-768x1151.jpg 768w, https:\/\/noelmarinho.com.br\/wp\/wp-content\/uploads\/2023\/08\/casa_cor_rio_2023-16-1025x1536.jpg 1025w, https:\/\/noelmarinho.com.br\/wp\/wp-content\/uploads\/2023\/08\/casa_cor_rio_2023-16.jpg 1281w\" sizes=\"(max-width: 683px) 100vw, 683px\" \/><\/figure>\n<div class=\"grupo\">\n<figure><img loading=\"lazy\" class=\"alignnone size-large wp-image-1849\" src=\"http:\/\/noelmarinho.com.br\/wp\/wp-content\/uploads\/2023\/08\/casa_cor_rio_2023-17-1011x1024.jpg\" alt=\"\" width=\"1011\" height=\"1024\" srcset=\"https:\/\/noelmarinho.com.br\/wp\/wp-content\/uploads\/2023\/08\/casa_cor_rio_2023-17-1011x1024.jpg 1011w, https:\/\/noelmarinho.com.br\/wp\/wp-content\/uploads\/2023\/08\/casa_cor_rio_2023-17-296x300.jpg 296w, https:\/\/noelmarinho.com.br\/wp\/wp-content\/uploads\/2023\/08\/casa_cor_rio_2023-17-768x778.jpg 768w, https:\/\/noelmarinho.com.br\/wp\/wp-content\/uploads\/2023\/08\/casa_cor_rio_2023-17-1517x1536.jpg 1517w, https:\/\/noelmarinho.com.br\/wp\/wp-content\/uploads\/2023\/08\/casa_cor_rio_2023-17.jpg 1920w\" sizes=\"(max-width: 1011px) 100vw, 1011px\" \/><\/figure>\n<article>\n<p>Dentro do universo t\u00eaxtil de Noel, a tape\u00e7aria ilustra seu interesse pelos estudos sobre tridimensionalidade.<\/p>\n<\/article>\n<\/div>\n<\/div>\n<div class=\"casa-cor casa-cor-10 casa-cor-col casa-cor-col3\">\n<div class=\"colspan2\">\n<article>\n<p>Nosso espa\u00e7o contou com a curadoria do mobili\u00e1rio de Jo\u00e3o Caetano. Em dialogo com o mobili\u00e1rio do Noel, as pe\u00e7as selecionadas atravessam o s\u00e9culo XX e convidam \u00e0 descontra\u00e7\u00e3o, especialmente o sof\u00e1 &#8211; ilha, abra\u00e7ado pela estante em L e as poltronas Direction (1951), Cit\u00e9 (1930), masterpieces de Jean Prouv\u00e9 e Paulistana (1960), de Jorge Zalszupin.<\/p>\n<\/article>\n<\/div>\n<figure><img loading=\"lazy\" class=\"alignnone size-large wp-image-1850\" src=\"http:\/\/noelmarinho.com.br\/wp\/wp-content\/uploads\/2023\/08\/casa_cor_rio_2023-18-683x1024.jpg\" alt=\"\" width=\"683\" height=\"1024\" srcset=\"https:\/\/noelmarinho.com.br\/wp\/wp-content\/uploads\/2023\/08\/casa_cor_rio_2023-18-683x1024.jpg 683w, https:\/\/noelmarinho.com.br\/wp\/wp-content\/uploads\/2023\/08\/casa_cor_rio_2023-18-200x300.jpg 200w, https:\/\/noelmarinho.com.br\/wp\/wp-content\/uploads\/2023\/08\/casa_cor_rio_2023-18-768x1151.jpg 768w, https:\/\/noelmarinho.com.br\/wp\/wp-content\/uploads\/2023\/08\/casa_cor_rio_2023-18-1025x1536.jpg 1025w, https:\/\/noelmarinho.com.br\/wp\/wp-content\/uploads\/2023\/08\/casa_cor_rio_2023-18.jpg 1281w\" sizes=\"(max-width: 683px) 100vw, 683px\" \/><\/figure>\n<figure><img loading=\"lazy\" class=\"alignnone size-large wp-image-1851\" src=\"http:\/\/noelmarinho.com.br\/wp\/wp-content\/uploads\/2023\/08\/casa_cor_rio_2023-19-683x1024.jpg\" alt=\"\" width=\"683\" height=\"1024\" srcset=\"https:\/\/noelmarinho.com.br\/wp\/wp-content\/uploads\/2023\/08\/casa_cor_rio_2023-19-683x1024.jpg 683w, https:\/\/noelmarinho.com.br\/wp\/wp-content\/uploads\/2023\/08\/casa_cor_rio_2023-19-200x300.jpg 200w, https:\/\/noelmarinho.com.br\/wp\/wp-content\/uploads\/2023\/08\/casa_cor_rio_2023-19-768x1152.jpg 768w, https:\/\/noelmarinho.com.br\/wp\/wp-content\/uploads\/2023\/08\/casa_cor_rio_2023-19-1024x1536.jpg 1024w, https:\/\/noelmarinho.com.br\/wp\/wp-content\/uploads\/2023\/08\/casa_cor_rio_2023-19.jpg 1280w\" sizes=\"(max-width: 683px) 100vw, 683px\" \/><\/figure>\n<figure><img loading=\"lazy\" class=\"alignnone size-large wp-image-1852\" src=\"http:\/\/noelmarinho.com.br\/wp\/wp-content\/uploads\/2023\/08\/casa_cor_rio_2023-21-683x1024.jpg\" alt=\"\" width=\"683\" height=\"1024\" \/><\/figure>\n<div class=\"colspan2\">\n<article>\n<p>O paisagismo, bem pontual, foi confiado \u00e0 Ana Veras. As obras de arte de Marina Ribas, Maria Polo, e as monotipias de Marcus Andr\u00e9, entre outras, foram cuidadosamente selecionadas por Heloisa Amaral Peixoto, curadora permanente do Projeto Noel Marinho<\/p>\n<\/article>\n<\/div>\n<\/div>\n","protected":false},"excerpt":{"rendered":"<p>CASA COR RIO 2023: Sala de Encontros PATRICIA MARINHO E MANUELE COLAS PARA O ESTUDIO DE DESIGN NOEL MARINHO Nessa sala de 48m\u00b2, nosso objetivo foi trazer uma extens\u00e3o dos conceitos que utilizamos para o trabalho no Projeto Noel Marinho. Usamos como inspira\u00e7\u00e3o potencializar a integra\u00e7\u00e3o das \u00e1reas criativas Arte, Design e Desenho de Interior [&hellip;]<\/p>\n","protected":false},"author":1,"featured_media":0,"parent":0,"menu_order":0,"comment_status":"closed","ping_status":"closed","template":"","meta":{"inline_featured_image":false},"_links":{"self":[{"href":"https:\/\/noelmarinho.com.br\/en\/wp-json\/wp\/v2\/pages\/1754"}],"collection":[{"href":"https:\/\/noelmarinho.com.br\/en\/wp-json\/wp\/v2\/pages"}],"about":[{"href":"https:\/\/noelmarinho.com.br\/en\/wp-json\/wp\/v2\/types\/page"}],"author":[{"embeddable":true,"href":"https:\/\/noelmarinho.com.br\/en\/wp-json\/wp\/v2\/users\/1"}],"replies":[{"embeddable":true,"href":"https:\/\/noelmarinho.com.br\/en\/wp-json\/wp\/v2\/comments?post=1754"}],"version-history":[{"count":17,"href":"https:\/\/noelmarinho.com.br\/en\/wp-json\/wp\/v2\/pages\/1754\/revisions"}],"predecessor-version":[{"id":1868,"href":"https:\/\/noelmarinho.com.br\/en\/wp-json\/wp\/v2\/pages\/1754\/revisions\/1868"}],"wp:attachment":[{"href":"https:\/\/noelmarinho.com.br\/en\/wp-json\/wp\/v2\/media?parent=1754"}],"curies":[{"name":"wp","href":"https:\/\/api.w.org\/{rel}","templated":true}]}}