{"id":19,"date":"2020-10-20T11:47:30","date_gmt":"2020-10-20T14:47:30","guid":{"rendered":"http:\/\/localhost\/~rafaelortman\/REFINARIA\/NOEL\/wordpress\/?page_id=19"},"modified":"2022-03-25T14:34:35","modified_gmt":"2022-03-25T17:34:35","slug":"quem-somos","status":"publish","type":"page","link":"https:\/\/noelmarinho.com.br\/en\/sobre\/quem-somos\/","title":{"rendered":"Who we are"},"content":{"rendered":"<p>O arquiteto Noel Marinho possui um curr\u00edculo extenso: ele faz parte de uma gera\u00e7\u00e3o que participou intensamente da \u00e9poca \u00e1urea da arquitetura brasileira moderna, a partir dos meados dos anos 50.<\/p>\n<p>Nascido em 1927, o arquiteto Noel marinho foi de uma gera\u00e7\u00e3o que participou intensamente da \u00e9poca \u00e1urea da arquitetura moderna brasileira. Ele sempre teve arte e design como atividades paralelas, al\u00e9m de um especial interesse pela integra\u00e7\u00e3o do azulejo e do mosaico nos espa\u00e7os est\u00e9ticos de sua arquitetura.<\/p>\n<div style=\"width: 1280px;\" class=\"wp-video\"><!--[if lt IE 9]><script>document.createElement('video');<\/script><![endif]-->\n<video class=\"wp-video-shortcode\" id=\"video-19-1\" width=\"1280\" height=\"720\" preload=\"metadata\" controls=\"controls\"><source type=\"video\/mp4\" src=\"http:\/\/noelmarinho.com.br\/wp\/wp-content\/uploads\/2020\/10\/video-noel-editado_2211.mp4?_=1\" \/><a href=\"http:\/\/noelmarinho.com.br\/wp\/wp-content\/uploads\/2020\/10\/video-noel-editado_2211.mp4\">http:\/\/noelmarinho.com.br\/wp\/wp-content\/uploads\/2020\/10\/video-noel-editado_2211.mp4<\/a><\/video><\/div>\n<p>Em 2012, a arquiteta Patricia Marinho, sua filha e so\u0301cia, comec\u0327ou a organizar e catalogar os desenhos arquivados ha\u0301 anos e a partir de enta\u0303o incentivou Noel a dar continuidade a\u0300s suas criac\u0327o\u0303es.<\/p>\n<p>Em 2015 foi idealizada a marca NOEL MARINHO, em sociedade com Manue\u0300le Colas, com o objetivo de divulgar, promover e executar as composic\u0327o\u0303es de azulejos criadas durante va\u0301rias de\u0301cadas. Ale\u0301m das reedic\u0327o\u0303es de colec\u0327o\u0303es das de\u0301cadas de 60 e 70, foram incorporados novos elementos gerados nos u\u0301ltimos 10 anos. Desde o inicio a marca contou com a colaborac\u0327a\u0303o da consultora de arte Heloisa Amaral Peixoto para realizar a curadoria, primeiro projeto da HAP_Lab.<\/p>\n<p>Embora o Noel na\u0303o esteja mais conosco, falecido em 2018 aos 90 anos, o grande acervo ine\u0301dito que ele deixou vai permitir que a arte e seu legado se perpetuem.<\/p>\n<p>O azulejo e o mosaico, personagens semio\u0301ticos marcantes na Arquitetura Brasileira, sa\u0303o elevados a\u0300 categoria de obra de arte.<\/p>\n<p>Noel participou ativamente da escolha desse elemento, criado na de\u0301cada de 60, para inaugurar as colec\u0327o\u0303es e tornou-se o si\u0301mbolo da marca NOEL \u2013 Noel Marinho.<\/p>\n<p><img loading=\"lazy\" class=\"alignnone size-medium wp-image-61\" src=\"http:\/\/noelmarinho.com.br\/wp\/wp-content\/uploads\/2020\/10\/PATRICIA-MARINHO-25-300x272.jpg\" alt=\"\" width=\"300\" height=\"272\" srcset=\"https:\/\/noelmarinho.com.br\/wp\/wp-content\/uploads\/2020\/10\/PATRICIA-MARINHO-25-300x272.jpg 300w, https:\/\/noelmarinho.com.br\/wp\/wp-content\/uploads\/2020\/10\/PATRICIA-MARINHO-25-1024x928.jpg 1024w, https:\/\/noelmarinho.com.br\/wp\/wp-content\/uploads\/2020\/10\/PATRICIA-MARINHO-25-768x696.jpg 768w, https:\/\/noelmarinho.com.br\/wp\/wp-content\/uploads\/2020\/10\/PATRICIA-MARINHO-25-1536x1393.jpg 1536w, https:\/\/noelmarinho.com.br\/wp\/wp-content\/uploads\/2020\/10\/PATRICIA-MARINHO-25-2048x1857.jpg 2048w\" sizes=\"(max-width: 300px) 100vw, 300px\" \/><\/p>\n<p><img loading=\"lazy\" class=\"alignnone size-full wp-image-63\" src=\"http:\/\/noelmarinho.com.br\/wp\/wp-content\/uploads\/2020\/10\/mensagem.png\" alt=\"\" width=\"1000\" height=\"180\" srcset=\"https:\/\/noelmarinho.com.br\/wp\/wp-content\/uploads\/2020\/10\/mensagem.png 1000w, https:\/\/noelmarinho.com.br\/wp\/wp-content\/uploads\/2020\/10\/mensagem-300x54.png 300w, https:\/\/noelmarinho.com.br\/wp\/wp-content\/uploads\/2020\/10\/mensagem-768x138.png 768w\" sizes=\"(max-width: 1000px) 100vw, 1000px\" \/><\/p>\n","protected":false},"excerpt":{"rendered":"<p>O arquiteto Noel Marinho possui um curr\u00edculo extenso: ele faz parte de uma gera\u00e7\u00e3o que participou intensamente da \u00e9poca \u00e1urea da arquitetura brasileira moderna, a partir dos meados dos anos 50. Nascido em 1927, o arquiteto Noel marinho foi de uma gera\u00e7\u00e3o que participou intensamente da \u00e9poca \u00e1urea da arquitetura moderna brasileira. Ele sempre teve [&hellip;]<\/p>\n","protected":false},"author":1,"featured_media":0,"parent":9,"menu_order":1,"comment_status":"closed","ping_status":"closed","template":"","meta":{"inline_featured_image":false},"_links":{"self":[{"href":"https:\/\/noelmarinho.com.br\/en\/wp-json\/wp\/v2\/pages\/19"}],"collection":[{"href":"https:\/\/noelmarinho.com.br\/en\/wp-json\/wp\/v2\/pages"}],"about":[{"href":"https:\/\/noelmarinho.com.br\/en\/wp-json\/wp\/v2\/types\/page"}],"author":[{"embeddable":true,"href":"https:\/\/noelmarinho.com.br\/en\/wp-json\/wp\/v2\/users\/1"}],"replies":[{"embeddable":true,"href":"https:\/\/noelmarinho.com.br\/en\/wp-json\/wp\/v2\/comments?post=19"}],"version-history":[{"count":16,"href":"https:\/\/noelmarinho.com.br\/en\/wp-json\/wp\/v2\/pages\/19\/revisions"}],"predecessor-version":[{"id":1311,"href":"https:\/\/noelmarinho.com.br\/en\/wp-json\/wp\/v2\/pages\/19\/revisions\/1311"}],"up":[{"embeddable":true,"href":"https:\/\/noelmarinho.com.br\/en\/wp-json\/wp\/v2\/pages\/9"}],"wp:attachment":[{"href":"https:\/\/noelmarinho.com.br\/en\/wp-json\/wp\/v2\/media?parent=19"}],"curies":[{"name":"wp","href":"https:\/\/api.w.org\/{rel}","templated":true}]}}